{"id":8,"date":"2025-09-11T19:09:45","date_gmt":"2025-09-11T19:09:45","guid":{"rendered":"https:\/\/sienna-mole-173054.hostingersite.com\/?page_id=8"},"modified":"2025-09-12T21:47:00","modified_gmt":"2025-09-12T21:47:00","slug":"elementor-8","status":"publish","type":"page","link":"https:\/\/fordexperiencevha.com.br\/","title":{"rendered":"P\u00e1gina de Captura Ford Experience"},"content":{"rendered":"\t\t<div data-elementor-type=\"wp-post\" data-elementor-id=\"8\" class=\"elementor elementor-8\" data-elementor-settings=\"{&quot;ha_cmc_init_switcher&quot;:&quot;no&quot;}\" data-elementor-post-type=\"page\">\n\t\t\t\t<div class=\"elementor-element elementor-element-c98880d e-flex e-con-boxed e-con e-parent\" data-id=\"c98880d\" data-element_type=\"container\" data-e-type=\"container\" data-settings=\"{&quot;background_background&quot;:&quot;classic&quot;,&quot;_ha_eqh_enable&quot;:false}\">\n\t\t\t\t\t<div class=\"e-con-inner\">\n\t\t<div class=\"elementor-element elementor-element-fc9a06a e-con-full e-flex e-con e-child\" data-id=\"fc9a06a\" data-element_type=\"container\" data-e-type=\"container\" data-settings=\"{&quot;_ha_eqh_enable&quot;:false}\">\n\t\t\t\t<div class=\"elementor-element elementor-element-55cf46f elementor-widget elementor-widget-image\" data-id=\"55cf46f\" data-element_type=\"widget\" data-e-type=\"widget\" data-widget_type=\"image.default\">\n\t\t\t\t\t\t\t\t\t\t\t\t\t\t\t<img fetchpriority=\"high\" decoding=\"async\" width=\"800\" height=\"264\" src=\"https:\/\/fordexperiencevha.com.br\/wp-content\/uploads\/2025\/09\/Logo-Ford-azul.svg\" class=\"attachment-large size-large wp-image-42\" alt=\"\" \/>\t\t\t\t\t\t\t\t\t\t\t\t\t\t\t<\/div>\n\t\t\t\t<\/div>\n\t\t<div class=\"elementor-element elementor-element-c49c77e e-con-full elementor-widget-image-box e-flex e-con e-child\" data-id=\"c49c77e\" data-element_type=\"container\" data-e-type=\"container\" data-settings=\"{&quot;_ha_eqh_enable&quot;:false}\">\n\t\t<div class=\"elementor-element elementor-element-f0db1fe e-con-full detalhe e-flex e-con e-child\" data-id=\"f0db1fe\" data-element_type=\"container\" data-e-type=\"container\" data-settings=\"{&quot;background_background&quot;:&quot;classic&quot;,&quot;_ha_eqh_enable&quot;:false}\">\n\t\t\t\t<div class=\"elementor-element elementor-element-cb16b87 elementor-widget-tablet__width-initial elementor-widget-mobile__width-initial elementor-widget elementor-widget-heading\" data-id=\"cb16b87\" data-element_type=\"widget\" data-e-type=\"widget\" data-widget_type=\"heading.default\">\n\t\t\t\t\t<h2 class=\"elementor-heading-title elementor-size-default\">Se cadastre e receba as condi\u00e7\u00f5es especiais agora mesmo, condi\u00e7\u00f5es que voc\u00ea s\u00f3 encontra na:<\/h2>\t\t\t\t<\/div>\n\t\t\t\t<div class=\"elementor-element elementor-element-d97cdbf elementor-widget elementor-widget-image\" data-id=\"d97cdbf\" data-element_type=\"widget\" data-e-type=\"widget\" data-widget_type=\"image.default\">\n\t\t\t\t\t\t\t\t\t\t\t\t\t\t\t<img decoding=\"async\" width=\"297\" height=\"125\" src=\"https:\/\/fordexperiencevha.com.br\/wp-content\/uploads\/2025\/09\/Ford-Experience.svg\" class=\"attachment-large size-large wp-image-37\" alt=\"\" \/>\t\t\t\t\t\t\t\t\t\t\t\t\t\t\t<\/div>\n\t\t\t\t<div class=\"elementor-element elementor-element-9606dd4 elementor-widget-mobile__width-initial elementor-widget elementor-widget-text-editor\" data-id=\"9606dd4\" data-element_type=\"widget\" data-e-type=\"widget\" data-widget_type=\"text-editor.default\">\n\t\t\t\t\t\t\t\t\t<p><span dir=\"auto\" style=\"vertical-align: inherit;\"><span dir=\"auto\" style=\"vertical-align: inherit;\">Viva a experi\u00eancia Ford como voc\u00ea nunca viu antes!<\/span><\/span><\/p>\t\t\t\t\t\t\t\t<\/div>\n\t\t\t\t<div class=\"elementor-element elementor-element-1677046 elementor-widget elementor-widget-ha-cf7 happy-addon ha-cf7\" data-id=\"1677046\" data-element_type=\"widget\" data-e-type=\"widget\" data-widget_type=\"ha-cf7.default\">\n\t\t\t\t\t\n<div class=\"wpcf7 no-js\" id=\"wpcf7-f181-o1\" lang=\"pt-BR\" dir=\"ltr\" data-wpcf7-id=\"181\">\n<div class=\"screen-reader-response\"><p role=\"status\" aria-live=\"polite\" aria-atomic=\"true\"><\/p> <ul><\/ul><\/div>\n<form action=\"\/index.php?rest_route=%2Fwp%2Fv2%2Fpages%2F8#wpcf7-f181-o1\" method=\"post\" class=\"wpcf7-form init ha-cf7-form\" aria-label=\"Formul\u00e1rios de contato\" novalidate=\"novalidate\" data-status=\"init\">\n<fieldset class=\"hidden-fields-container\"><input type=\"hidden\" name=\"_wpcf7\" value=\"181\" \/><input type=\"hidden\" name=\"_wpcf7_version\" value=\"6.1.1\" \/><input type=\"hidden\" name=\"_wpcf7_locale\" value=\"pt_BR\" \/><input type=\"hidden\" name=\"_wpcf7_unit_tag\" value=\"wpcf7-f181-o1\" \/><input type=\"hidden\" name=\"_wpcf7_container_post\" value=\"0\" \/><input type=\"hidden\" name=\"_wpcf7_posted_data_hash\" value=\"\" \/><input type=\"hidden\" name=\"hubUtmz\" value=\"\" \/>\n<\/fieldset>\n<p><label> Digite seu nome<br \/>\n<span class=\"wpcf7-form-control-wrap\" data-name=\"your-name\"><input size=\"40\" maxlength=\"400\" class=\"wpcf7-form-control wpcf7-text wpcf7-validates-as-required\" autocomplete=\"name\" aria-required=\"true\" aria-invalid=\"false\" value=\"\" type=\"text\" name=\"your-name\" \/><\/span> <\/label>\n<\/p>\n<p><label> Digite seu Telefone<br \/>\n<span class=\"wpcf7-form-control-wrap\" data-name=\"Telefone\"><input size=\"40\" maxlength=\"400\" class=\"wpcf7-form-control wpcf7-tel wpcf7-validates-as-required wpcf7-text wpcf7-validates-as-tel\" aria-required=\"true\" aria-invalid=\"false\" value=\"\" type=\"tel\" name=\"Telefone\" \/><\/span> <\/label>\n<\/p>\n<p><label> Digite seu e-mail<br \/>\n<span class=\"wpcf7-form-control-wrap\" data-name=\"your-email\"><input size=\"40\" maxlength=\"400\" class=\"wpcf7-form-control wpcf7-email wpcf7-validates-as-required wpcf7-text wpcf7-validates-as-email\" autocomplete=\"email\" aria-required=\"true\" aria-invalid=\"false\" value=\"\" type=\"email\" name=\"your-email\" \/><\/span> <\/label>\n<\/p>\n<p><span class=\"wpcf7-form-control-wrap\" data-name=\"Aceite\"><span class=\"wpcf7-form-control wpcf7-acceptance\"><span class=\"wpcf7-list-item\"><label><input type=\"checkbox\" name=\"Aceite\" value=\"1\" aria-invalid=\"false\" \/><span class=\"wpcf7-list-item-label\">Ao enviar seus dados, voc\u00ea autoriza o uso das informa\u00e7\u00f5es conforme a Lei Geral de Prote\u00e7\u00e3o de Dados (LGPD).<\/span><\/label><\/span><\/span><\/span>\n<\/p>\n<p><input class=\"wpcf7-form-control wpcf7-submit has-spinner\" type=\"submit\" value=\"Enviar\" \/>\n<\/p><div class=\"wpcf7-response-output\" aria-hidden=\"true\"><\/div>\n<\/form>\n<\/div>\n\t\t\t\t<\/div>\n\t\t\t\t<\/div>\n\t\t\t\t<\/div>\n\t\t\t\t\t<\/div>\n\t\t\t\t<\/div>\n\t\t<div class=\"elementor-element elementor-element-4389a94 e-flex e-con-boxed e-con e-parent\" data-id=\"4389a94\" data-element_type=\"container\" data-e-type=\"container\" data-settings=\"{&quot;background_background&quot;:&quot;classic&quot;,&quot;_ha_eqh_enable&quot;:false}\">\n\t\t\t\t\t<div class=\"e-con-inner\">\n\t\t<div class=\"elementor-element elementor-element-87037b2 e-con-full e-flex e-con e-child\" data-id=\"87037b2\" data-element_type=\"container\" data-e-type=\"container\" data-settings=\"{&quot;_ha_eqh_enable&quot;:false}\">\n\t\t\t\t<div class=\"elementor-element elementor-element-6dfea41 elementor-widget elementor-widget-heading\" data-id=\"6dfea41\" data-element_type=\"widget\" data-e-type=\"widget\" data-widget_type=\"heading.default\">\n\t\t\t\t\t<h2 class=\"elementor-heading-title elementor-size-default\">VENHA FAZER UM TEST DRIVE NA MAIOR PISTA OFF-ROAD DO BRASIL.<\/h2>\t\t\t\t<\/div>\n\t\t\t\t<div class=\"elementor-element elementor-element-beb8d4c elementor-position-inline-start elementor-view-default elementor-mobile-position-block-start elementor-widget elementor-widget-icon-box\" data-id=\"beb8d4c\" data-element_type=\"widget\" data-e-type=\"widget\" data-widget_type=\"icon-box.default\">\n\t\t\t\t\t\t\t<div class=\"elementor-icon-box-wrapper\">\n\n\t\t\t\t\t\t<div class=\"elementor-icon-box-icon\">\n\t\t\t\t<span  class=\"elementor-icon\">\n\t\t\t\t<svg xmlns=\"http:\/\/www.w3.org\/2000\/svg\" id=\"Camada_2\" data-name=\"Camada 2\" viewBox=\"0 0 702 702\"><defs><style>      .cls-1 {        fill: #00095b;      }      .cls-2 {        fill: #95c2ef;      }    <\/style><\/defs><g id=\"Camada_1-2\" data-name=\"Camada 1\"><g><circle class=\"cls-2\" cx=\"351\" cy=\"351\" r=\"351\"><\/circle><path class=\"cls-1\" d=\"M351,180.96c-78.07.09-141.33,63.35-141.43,141.41,0,36.42,28.2,93.41,83.81,169.38,23.23,31.82,67.85,38.79,99.67,15.56,5.96-4.35,11.21-9.6,15.56-15.56,55.62-75.98,83.81-132.97,83.81-169.38-.09-78.07-63.36-141.33-141.43-141.41ZM351,378.74c-31.3,0-56.68-25.38-56.68-56.68s25.38-56.68,56.68-56.68,56.68,25.38,56.68,56.68-25.38,56.68-56.68,56.68Z\"><\/path><\/g><\/g><\/svg>\t\t\t\t<\/span>\n\t\t\t<\/div>\n\t\t\t\n\t\t\t\t\t\t<div class=\"elementor-icon-box-content\">\n\n\t\t\t\t\t\t\t\t\t<h3 class=\"elementor-icon-box-title\">\n\t\t\t\t\t\t<span  >\n\t\t\t\t\t\t\tEm Vilhena\t\t\t\t\t\t<\/span>\n\t\t\t\t\t<\/h3>\n\t\t\t\t\n\t\t\t\t\t\t\t\t\t<p class=\"elementor-icon-box-description\">\n\t\t\t\t\t\tAv. Mal. Rondon (paralelo a BR - \nTrevo do Cavalo Branco)\t\t\t\t\t<\/p>\n\t\t\t\t\n\t\t\t<\/div>\n\t\t\t\n\t\t<\/div>\n\t\t\t\t\t\t<\/div>\n\t\t\t\t<div class=\"elementor-element elementor-element-3cc10fb elementor-position-inline-start elementor-view-default elementor-mobile-position-block-start elementor-widget elementor-widget-icon-box\" data-id=\"3cc10fb\" data-element_type=\"widget\" data-e-type=\"widget\" data-widget_type=\"icon-box.default\">\n\t\t\t\t\t\t\t<div class=\"elementor-icon-box-wrapper\">\n\n\t\t\t\t\t\t<div class=\"elementor-icon-box-icon\">\n\t\t\t\t<span  class=\"elementor-icon\">\n\t\t\t\t<svg xmlns=\"http:\/\/www.w3.org\/2000\/svg\" id=\"Camada_2\" data-name=\"Camada 2\" viewBox=\"0 0 702 702\"><defs><style>      .cls-1 {        fill: #00095b;      }      .cls-2 {        fill: #95c2ef;      }    <\/style><\/defs><g id=\"Camada_1-2\" data-name=\"Camada 1\"><g><circle class=\"cls-2\" cx=\"351\" cy=\"351\" r=\"351\"><\/circle><path class=\"cls-1\" d=\"M179.82,293.94v-14.27c0-39.33,32-71.33,71.33-71.33h14.27v-14.27c0-7.87,6.38-14.27,14.27-14.27s14.27,6.39,14.27,14.27v14.27h114.12v-14.27c0-7.87,6.38-14.27,14.27-14.27s14.27,6.39,14.27,14.27v14.27h14.27c39.33,0,71.33,32,71.33,71.33v14.27H179.82ZM522.18,322.47v128.39c0,39.33-32,71.33-71.33,71.33h-199.71c-39.33,0-71.33-32-71.33-71.33v-128.39h342.36ZM434.19,367.43c-5.48-5.66-14.49-5.83-20.17-.37l-67.82,65.36c-5.36,5.36-14.36,5.76-20.53-.37l-32.5-30.2c-5.75-5.35-14.76-5.05-20.16.74-5.36,5.76-5.04,14.79.74,20.16l32.12,29.84c8.07,8.09,18.83,12.54,30.26,12.54s22.2-4.45,30.07-12.35l67.62-65.16c5.66-5.46,5.83-14.51.36-20.17h0Z\"><\/path><\/g><\/g><\/svg>\t\t\t\t<\/span>\n\t\t\t<\/div>\n\t\t\t\n\t\t\t\t\t\t<div class=\"elementor-icon-box-content\">\n\n\t\t\t\t\t\t\t\t\t<h3 class=\"elementor-icon-box-title\">\n\t\t\t\t\t\t<span  >\n\t\t\t\t\t\t\t18 a 21  de setembro\t\t\t\t\t\t<\/span>\n\t\t\t\t\t<\/h3>\n\t\t\t\t\n\t\t\t\t\t\t\t\t\t<p class=\"elementor-icon-box-description\">\n\t\t\t\t\t\tA partir das 9h da manh\u00e3\t\t\t\t\t<\/p>\n\t\t\t\t\n\t\t\t<\/div>\n\t\t\t\n\t\t<\/div>\n\t\t\t\t\t\t<\/div>\n\t\t\t\t<\/div>\n\t\t<div class=\"elementor-element elementor-element-46bfe30 e-con-full e-flex e-con e-child\" data-id=\"46bfe30\" data-element_type=\"container\" data-e-type=\"container\" data-settings=\"{&quot;_ha_eqh_enable&quot;:false}\">\n\t\t\t\t<div class=\"elementor-element elementor-element-4db8540 elementor-widget elementor-widget-image\" data-id=\"4db8540\" data-element_type=\"widget\" data-e-type=\"widget\" data-widget_type=\"image.default\">\n\t\t\t\t\t\t\t\t\t\t\t\t\t\t\t<img decoding=\"async\" width=\"800\" height=\"755\" src=\"https:\/\/fordexperiencevha.com.br\/wp-content\/uploads\/2025\/09\/imagem-2-1024x966.jpg\" class=\"attachment-large size-large wp-image-111\" alt=\"\" srcset=\"https:\/\/fordexperiencevha.com.br\/wp-content\/uploads\/2025\/09\/imagem-2-1024x966.jpg 1024w, https:\/\/fordexperiencevha.com.br\/wp-content\/uploads\/2025\/09\/imagem-2-300x283.jpg 300w, https:\/\/fordexperiencevha.com.br\/wp-content\/uploads\/2025\/09\/imagem-2-768x725.jpg 768w, https:\/\/fordexperiencevha.com.br\/wp-content\/uploads\/2025\/09\/imagem-2.jpg 1062w\" sizes=\"(max-width: 800px) 100vw, 800px\" \/>\t\t\t\t\t\t\t\t\t\t\t\t\t\t\t<\/div>\n\t\t\t\t<\/div>\n\t\t\t\t\t<\/div>\n\t\t\t\t<\/div>\n\t\t\t\t<\/div>\n\t\t","protected":false},"excerpt":{"rendered":"<p>Se cadastre e receba as condi\u00e7\u00f5es especiais agora mesmo, condi\u00e7\u00f5es que voc\u00ea s\u00f3 encontra na: Viva a experi\u00eancia Ford como voc\u00ea nunca viu antes! Digite seu nome Digite seu Telefone Digite seu e-mail Ao enviar seus dados, voc\u00ea autoriza o uso das informa\u00e7\u00f5es conforme a Lei Geral de Prote\u00e7\u00e3o de Dados (LGPD). VENHA FAZER UM [&hellip;]<\/p>\n","protected":false},"author":1,"featured_media":0,"parent":0,"menu_order":0,"comment_status":"closed","ping_status":"closed","template":"elementor_canvas","meta":{"footnotes":""},"class_list":["post-8","page","type-page","status-publish","hentry"],"_links":{"self":[{"href":"https:\/\/fordexperiencevha.com.br\/index.php?rest_route=\/wp\/v2\/pages\/8","targetHints":{"allow":["GET"]}}],"collection":[{"href":"https:\/\/fordexperiencevha.com.br\/index.php?rest_route=\/wp\/v2\/pages"}],"about":[{"href":"https:\/\/fordexperiencevha.com.br\/index.php?rest_route=\/wp\/v2\/types\/page"}],"author":[{"embeddable":true,"href":"https:\/\/fordexperiencevha.com.br\/index.php?rest_route=\/wp\/v2\/users\/1"}],"replies":[{"embeddable":true,"href":"https:\/\/fordexperiencevha.com.br\/index.php?rest_route=%2Fwp%2Fv2%2Fcomments&post=8"}],"version-history":[{"count":165,"href":"https:\/\/fordexperiencevha.com.br\/index.php?rest_route=\/wp\/v2\/pages\/8\/revisions"}],"predecessor-version":[{"id":208,"href":"https:\/\/fordexperiencevha.com.br\/index.php?rest_route=\/wp\/v2\/pages\/8\/revisions\/208"}],"wp:attachment":[{"href":"https:\/\/fordexperiencevha.com.br\/index.php?rest_route=%2Fwp%2Fv2%2Fmedia&parent=8"}],"curies":[{"name":"wp","href":"https:\/\/api.w.org\/{rel}","templated":true}]}}